{"id":860,"date":"2017-04-13T15:11:43","date_gmt":"2017-04-13T15:11:43","guid":{"rendered":"https:\/\/xml-io.proteusthemes.com\/medicpress\/?post_type=product&#038;p=860"},"modified":"2026-04-27T11:19:55","modified_gmt":"2026-04-27T11:19:55","slug":"nail-health-kit","status":"publish","type":"product","link":"https:\/\/reborntrading.com.hk\/pt\/produto\/nail-health-kit\/","title":{"rendered":"Couro bovino, listras estilo cowboy, cor marrom"},"content":{"rendered":"<p>P13A-508-03 \u201cCouro bovino, listra cowboy, cor marrom\u201d \u201cPreto, marrom escuro, marrom, rouille, azul escuro, cores especiais podem ser adicionadas sob encomenda.\u201d \u201cTodos os tamanhos, de 14 mm a 26 mm\u201d Fivela de a\u00e7o inoxid\u00e1vel com logotipo de submarino \u201cPara mulheres: 105 x 70 mm Para homens: 115 x 75 mm, 120 x 80 mm ou mais.\u201d Pre\u00e7o por unidade = US$15,00; Pre\u00e7o para 100 unidades ou mais = US$6,10<\/p>","protected":false},"excerpt":{"rendered":"<p>Fivela de a\u00e7o inoxid\u00e1vel sem logotipo. Igual \u00e0 anterior. Pre\u00e7o por unidade = US$15,00; Pre\u00e7o para 100 unidades ou mais = US$4,10<\/p>","protected":false},"featured_media":1210,"comment_status":"open","ping_status":"closed","template":"","meta":{"_acf_changed":false},"product_brand":[],"product_cat":[40,33],"product_tag":[37],"class_list":{"0":"post-860","1":"product","2":"type-product","3":"status-publish","4":"has-post-thumbnail","6":"product_cat-set","7":"product_cat-watch-straps","8":"product_tag-no-prescription","9":"clearfix","10":"article","12":"first","13":"instock","14":"shipping-taxable","15":"purchasable","16":"product-type-simple"},"acf":[],"_links":{"self":[{"href":"https:\/\/reborntrading.com.hk\/pt\/wp-json\/wp\/v2\/product\/860","targetHints":{"allow":["GET"]}}],"collection":[{"href":"https:\/\/reborntrading.com.hk\/pt\/wp-json\/wp\/v2\/product"}],"about":[{"href":"https:\/\/reborntrading.com.hk\/pt\/wp-json\/wp\/v2\/types\/product"}],"replies":[{"embeddable":true,"href":"https:\/\/reborntrading.com.hk\/pt\/wp-json\/wp\/v2\/comments?post=860"}],"wp:featuredmedia":[{"embeddable":true,"href":"https:\/\/reborntrading.com.hk\/pt\/wp-json\/wp\/v2\/media\/1210"}],"wp:attachment":[{"href":"https:\/\/reborntrading.com.hk\/pt\/wp-json\/wp\/v2\/media?parent=860"}],"wp:term":[{"taxonomy":"product_brand","embeddable":true,"href":"https:\/\/reborntrading.com.hk\/pt\/wp-json\/wp\/v2\/product_brand?post=860"},{"taxonomy":"product_cat","embeddable":true,"href":"https:\/\/reborntrading.com.hk\/pt\/wp-json\/wp\/v2\/product_cat?post=860"},{"taxonomy":"product_tag","embeddable":true,"href":"https:\/\/reborntrading.com.hk\/pt\/wp-json\/wp\/v2\/product_tag?post=860"}],"curies":[{"name":"wp","href":"https:\/\/api.w.org\/{rel}","templated":true}]}}