{"id":857,"date":"2017-04-13T15:06:53","date_gmt":"2017-04-13T15:06:53","guid":{"rendered":"https:\/\/xml-io.proteusthemes.com\/medicpress\/?post_type=product&#038;p=857"},"modified":"2026-03-10T05:38:50","modified_gmt":"2026-03-10T05:38:50","slug":"cocoa-body-cream","status":"publish","type":"product","link":"https:\/\/reborntrading.com.hk\/pt\/produto\/cocoa-body-cream\/","title":{"rendered":"Uma embalagem premium para proteger"},"content":{"rendered":"<p>Cada pulseira \u00e9 enviada em sua embalagem individual de silicone, especialmente desenvolvida para garantir que a pulseira n\u00e3o seja danificada durante o transporte. Com ilh\u00f3s refor\u00e7ados nas laterais, esta embalagem tem dupla fun\u00e7\u00e3o: voc\u00ea pode us\u00e1-la para guardar e organizar suas pulseiras de rel\u00f3gio.<\/p>","protected":false},"excerpt":{"rendered":"<p>Aberto 24 horas por dia, 7 dias por semana; os pacientes s\u00e3o incentivados a agendar consultas conosco no hor\u00e1rio que lhes for mais conveniente e a passar o m\u00ednimo de tempo de espera. Nos orgulhamos da nossa agilidade no atendimento.<\/p>","protected":false},"featured_media":1128,"comment_status":"open","ping_status":"closed","template":"","meta":{"_acf_changed":false},"product_brand":[],"product_cat":[33],"product_tag":[35],"class_list":{"0":"post-857","1":"product","2":"type-product","3":"status-publish","4":"has-post-thumbnail","6":"product_cat-watch-straps","7":"product_tag-medicine","8":"clearfix","9":"article","11":"first","12":"instock","13":"shipping-taxable","14":"purchasable","15":"product-type-simple"},"acf":[],"_links":{"self":[{"href":"https:\/\/reborntrading.com.hk\/pt\/wp-json\/wp\/v2\/product\/857","targetHints":{"allow":["GET"]}}],"collection":[{"href":"https:\/\/reborntrading.com.hk\/pt\/wp-json\/wp\/v2\/product"}],"about":[{"href":"https:\/\/reborntrading.com.hk\/pt\/wp-json\/wp\/v2\/types\/product"}],"replies":[{"embeddable":true,"href":"https:\/\/reborntrading.com.hk\/pt\/wp-json\/wp\/v2\/comments?post=857"}],"wp:featuredmedia":[{"embeddable":true,"href":"https:\/\/reborntrading.com.hk\/pt\/wp-json\/wp\/v2\/media\/1128"}],"wp:attachment":[{"href":"https:\/\/reborntrading.com.hk\/pt\/wp-json\/wp\/v2\/media?parent=857"}],"wp:term":[{"taxonomy":"product_brand","embeddable":true,"href":"https:\/\/reborntrading.com.hk\/pt\/wp-json\/wp\/v2\/product_brand?post=857"},{"taxonomy":"product_cat","embeddable":true,"href":"https:\/\/reborntrading.com.hk\/pt\/wp-json\/wp\/v2\/product_cat?post=857"},{"taxonomy":"product_tag","embeddable":true,"href":"https:\/\/reborntrading.com.hk\/pt\/wp-json\/wp\/v2\/product_tag?post=857"}],"curies":[{"name":"wp","href":"https:\/\/api.w.org\/{rel}","templated":true}]}}