{"id":845,"date":"2017-04-13T14:54:20","date_gmt":"2017-04-13T14:54:20","guid":{"rendered":"https:\/\/xml-io.proteusthemes.com\/medicpress\/?post_type=product&#038;p=845"},"modified":"2025-10-02T03:14:29","modified_gmt":"2025-10-02T03:14:29","slug":"silicone-kitchen-utensils","status":"publish","type":"product","link":"https:\/\/reborntrading.com.hk\/pt\/produto\/silicone-kitchen-utensils\/","title":{"rendered":"Utens\u00edlios de cozinha de silicone"},"content":{"rendered":"<p>O conjunto de utens\u00edlios de cozinha de silicone inclui um pegador de panela resistente ao calor e uma esp\u00e1tula antiaderente. O pegador de panela n\u00e3o s\u00f3 \u00e9 resistente ao calor, como tamb\u00e9m \u00e9 feito com um padr\u00e3o especial para maior ader\u00eancia, tornando-se uma fant\u00e1stica luva t\u00e9rmica antiderrapante para cabos de panelas quentes ou a solu\u00e7\u00e3o ideal para abrir tampas de garrafas. A esp\u00e1tula de silicone flex\u00edvel mant\u00e9m intactos os preciosos revestimentos antiaderentes dos utens\u00edlios de cozinha ao raspar alimentos das superf\u00edcies. A l\u00e2mina flex\u00edvel \u00e9 ideal para remover massa de bolo, suspiros ou excesso de ingredientes da tigela. O silicone \u00e9 dur\u00e1vel, altamente resistente ao calor e f\u00e1cil de limpar, tornando-o perfeito para a cozinha.<\/p>","protected":false},"excerpt":{"rendered":"<p>Todos os alimentos crus devem ser bem lavados antes de serem consumidos ou cozidos. Se algu\u00e9m contraiu a infec\u00e7\u00e3o, n\u00e3o deve cozinhar ou servir comida a outras pessoas por pelo menos tr\u00eas a quatro dias ap\u00f3s o desaparecimento dos sintomas. Por fim, lembre-se de colocar a pessoa doente em quarentena para evitar a propaga\u00e7\u00e3o ou a recorr\u00eancia.<\/p>","protected":false},"featured_media":1120,"comment_status":"open","ping_status":"closed","template":"","meta":{"_acf_changed":false},"product_brand":[],"product_cat":[36,39],"product_tag":[38],"class_list":{"0":"post-845","1":"product","2":"type-product","3":"status-publish","4":"has-post-thumbnail","6":"product_cat-house-hold","7":"product_cat-silicone","8":"product_tag-perscription","9":"clearfix","10":"article","12":"first","13":"instock","14":"shipping-taxable","15":"purchasable","16":"product-type-simple"},"acf":[],"_links":{"self":[{"href":"https:\/\/reborntrading.com.hk\/pt\/wp-json\/wp\/v2\/product\/845","targetHints":{"allow":["GET"]}}],"collection":[{"href":"https:\/\/reborntrading.com.hk\/pt\/wp-json\/wp\/v2\/product"}],"about":[{"href":"https:\/\/reborntrading.com.hk\/pt\/wp-json\/wp\/v2\/types\/product"}],"replies":[{"embeddable":true,"href":"https:\/\/reborntrading.com.hk\/pt\/wp-json\/wp\/v2\/comments?post=845"}],"wp:featuredmedia":[{"embeddable":true,"href":"https:\/\/reborntrading.com.hk\/pt\/wp-json\/wp\/v2\/media\/1120"}],"wp:attachment":[{"href":"https:\/\/reborntrading.com.hk\/pt\/wp-json\/wp\/v2\/media?parent=845"}],"wp:term":[{"taxonomy":"product_brand","embeddable":true,"href":"https:\/\/reborntrading.com.hk\/pt\/wp-json\/wp\/v2\/product_brand?post=845"},{"taxonomy":"product_cat","embeddable":true,"href":"https:\/\/reborntrading.com.hk\/pt\/wp-json\/wp\/v2\/product_cat?post=845"},{"taxonomy":"product_tag","embeddable":true,"href":"https:\/\/reborntrading.com.hk\/pt\/wp-json\/wp\/v2\/product_tag?post=845"}],"curies":[{"name":"wp","href":"https:\/\/api.w.org\/{rel}","templated":true}]}}