{"id":1193,"date":"2025-12-02T23:52:28","date_gmt":"2025-12-02T23:52:28","guid":{"rendered":"https:\/\/reborntrading.com.hk\/?post_type=product&#038;p=1193"},"modified":"2026-03-10T10:04:49","modified_gmt":"2026-03-10T10:04:49","slug":"running-sun-hat","status":"publish","type":"product","link":"https:\/\/reborntrading.com.hk\/pt\/produto\/running-sun-hat\/","title":{"rendered":"Chap\u00e9u de sol para corrida. Aba: 9,5 cm. Altura: 11 cm."},"content":{"rendered":"<h3>Aba: 9,5 cm Altura: 11 cm<\/h3>\n<h3>Circunfer\u00eancia da cabe\u00e7a: 56cm-58cm (Tamanho \u00fanico)<\/h3>\n<h3>Peso: 0,08 kg<br \/>\nMaterial principal:<\/h3>\n<h3>Forro: 100% Poli\u00e9ster<\/h3>\n<h3>Observa\u00e7\u00f5es sobre o tamanho: As medidas s\u00e3o tiradas de amostras selecionadas aleatoriamente; pequenas varia\u00e7\u00f5es est\u00e3o dentro da normalidade.<\/h3>","protected":false},"excerpt":{"rendered":"<h3>Aba: 9,5 cm Altura: 11 cm<\/h3>","protected":false},"featured_media":1189,"comment_status":"open","ping_status":"closed","template":"","meta":{"_acf_changed":false},"product_brand":[],"product_cat":[15],"product_tag":[],"class_list":{"0":"post-1193","1":"product","2":"type-product","3":"status-publish","4":"has-post-thumbnail","6":"product_cat-hat","7":"clearfix","8":"article","10":"first","11":"instock","12":"shipping-taxable","13":"product-type-simple"},"acf":[],"_links":{"self":[{"href":"https:\/\/reborntrading.com.hk\/pt\/wp-json\/wp\/v2\/product\/1193","targetHints":{"allow":["GET"]}}],"collection":[{"href":"https:\/\/reborntrading.com.hk\/pt\/wp-json\/wp\/v2\/product"}],"about":[{"href":"https:\/\/reborntrading.com.hk\/pt\/wp-json\/wp\/v2\/types\/product"}],"replies":[{"embeddable":true,"href":"https:\/\/reborntrading.com.hk\/pt\/wp-json\/wp\/v2\/comments?post=1193"}],"wp:featuredmedia":[{"embeddable":true,"href":"https:\/\/reborntrading.com.hk\/pt\/wp-json\/wp\/v2\/media\/1189"}],"wp:attachment":[{"href":"https:\/\/reborntrading.com.hk\/pt\/wp-json\/wp\/v2\/media?parent=1193"}],"wp:term":[{"taxonomy":"product_brand","embeddable":true,"href":"https:\/\/reborntrading.com.hk\/pt\/wp-json\/wp\/v2\/product_brand?post=1193"},{"taxonomy":"product_cat","embeddable":true,"href":"https:\/\/reborntrading.com.hk\/pt\/wp-json\/wp\/v2\/product_cat?post=1193"},{"taxonomy":"product_tag","embeddable":true,"href":"https:\/\/reborntrading.com.hk\/pt\/wp-json\/wp\/v2\/product_tag?post=1193"}],"curies":[{"name":"wp","href":"https:\/\/api.w.org\/{rel}","templated":true}]}}