{"id":1191,"date":"2025-12-02T23:49:26","date_gmt":"2025-12-02T23:49:26","guid":{"rendered":"https:\/\/reborntrading.com.hk\/?post_type=product&#038;p=1191"},"modified":"2025-12-02T23:50:28","modified_gmt":"2025-12-02T23:50:28","slug":"cycling-breathable-baseball-cap","status":"publish","type":"product","link":"https:\/\/reborntrading.com.hk\/pt\/produto\/cycling-breathable-baseball-cap\/","title":{"rendered":"Bon\u00e9 de beisebol respir\u00e1vel para ciclismo"},"content":{"rendered":"<h3>Aba: 15 cm Altura do chap\u00e9u: 9 cm<\/h3>\n<h3>Circunfer\u00eancia da cabe\u00e7a: 58cm-62cm (Tamanho \u00fanico)<\/h3>\n<h3>Peso: 0,10 kg Material principal: Nylon 88%, Elastano 12%<\/h3>\n<h3>Forro: 100% Poli\u00e9ster<\/h3>\n<h3>Observa\u00e7\u00e3o sobre o tamanho: As medidas s\u00e3o tiradas de amostras selecionadas aleatoriamente; pequenas varia\u00e7\u00f5es est\u00e3o dentro da normalidade.<\/h3>","protected":false},"excerpt":{"rendered":"<h3>Aba: 15 cm Altura do chap\u00e9u: 9 cm<\/h3>","protected":false},"featured_media":1188,"comment_status":"open","ping_status":"closed","template":"","meta":{"_acf_changed":false},"product_brand":[],"product_cat":[15],"product_tag":[38],"class_list":{"0":"post-1191","1":"product","2":"type-product","3":"status-publish","4":"has-post-thumbnail","6":"product_cat-hat","7":"product_tag-perscription","8":"clearfix","9":"article","11":"first","12":"instock","13":"shipping-taxable","14":"product-type-simple"},"acf":[],"_links":{"self":[{"href":"https:\/\/reborntrading.com.hk\/pt\/wp-json\/wp\/v2\/product\/1191","targetHints":{"allow":["GET"]}}],"collection":[{"href":"https:\/\/reborntrading.com.hk\/pt\/wp-json\/wp\/v2\/product"}],"about":[{"href":"https:\/\/reborntrading.com.hk\/pt\/wp-json\/wp\/v2\/types\/product"}],"replies":[{"embeddable":true,"href":"https:\/\/reborntrading.com.hk\/pt\/wp-json\/wp\/v2\/comments?post=1191"}],"wp:featuredmedia":[{"embeddable":true,"href":"https:\/\/reborntrading.com.hk\/pt\/wp-json\/wp\/v2\/media\/1188"}],"wp:attachment":[{"href":"https:\/\/reborntrading.com.hk\/pt\/wp-json\/wp\/v2\/media?parent=1191"}],"wp:term":[{"taxonomy":"product_brand","embeddable":true,"href":"https:\/\/reborntrading.com.hk\/pt\/wp-json\/wp\/v2\/product_brand?post=1191"},{"taxonomy":"product_cat","embeddable":true,"href":"https:\/\/reborntrading.com.hk\/pt\/wp-json\/wp\/v2\/product_cat?post=1191"},{"taxonomy":"product_tag","embeddable":true,"href":"https:\/\/reborntrading.com.hk\/pt\/wp-json\/wp\/v2\/product_tag?post=1191"}],"curies":[{"name":"wp","href":"https:\/\/api.w.org\/{rel}","templated":true}]}}