{"id":860,"date":"2017-04-13T15:11:43","date_gmt":"2017-04-13T15:11:43","guid":{"rendered":"https:\/\/xml-io.proteusthemes.com\/medicpress\/?post_type=product&#038;p=860"},"modified":"2026-04-27T11:19:55","modified_gmt":"2026-04-27T11:19:55","slug":"nail-health-kit","status":"publish","type":"product","link":"https:\/\/reborntrading.com.hk\/fr\/produit\/nail-health-kit\/","title":{"rendered":"Cuir de vachette, rayures de cowboy, couleur marron"},"content":{"rendered":"<p>P13A-508-03 \u00ab\u00a0Cuir de vachette, rayures cowboy, marron\u00a0\u00bb \u00ab\u00a0Noir, marron fonc\u00e9, marron, rouille, bleu fonc\u00e9. Couleurs sp\u00e9ciales disponibles sur demande.\u00a0\u00bb \u00ab\u00a0Toutes tailles, de 14\u00a0mm \u00e0 26\u00a0mm\u00a0\u00bb Boucle en acier inoxydable avec logo sous-marin \u00ab\u00a0Pour femme\u00a0: 105\u00a0\u00d7\u00a070\u00a0mm\u00a0; pour homme\u00a0: 115\u00a0\u00d7\u00a075\u00a0mm, 120\u00a0\u00d7\u00a080\u00a0mm et plus.\u00a0\u00bb Prix unitaire\u00a0: 15,00\u00a0USD\u00a0; prix par lot de 100\u00a0pi\u00e8ces et plus\u00a0: 6,10\u00a0USD<\/p>","protected":false},"excerpt":{"rendered":"<p>Boucle en acier inoxydable sans logo. Identique \u00e0 ci-dessus. Prix unitaire\u00a0: 15,00\u00a0$US ($)\u00a0; prix par lot de 100\u00a0pi\u00e8ces ou plus\u00a0: 4,10\u00a0$US ($).<\/p>","protected":false},"featured_media":1210,"comment_status":"open","ping_status":"closed","template":"","meta":{"_acf_changed":false},"product_brand":[],"product_cat":[40,33],"product_tag":[37],"class_list":{"0":"post-860","1":"product","2":"type-product","3":"status-publish","4":"has-post-thumbnail","6":"product_cat-set","7":"product_cat-watch-straps","8":"product_tag-no-prescription","9":"clearfix","10":"article","12":"first","13":"instock","14":"shipping-taxable","15":"purchasable","16":"product-type-simple"},"acf":[],"_links":{"self":[{"href":"https:\/\/reborntrading.com.hk\/fr\/wp-json\/wp\/v2\/product\/860","targetHints":{"allow":["GET"]}}],"collection":[{"href":"https:\/\/reborntrading.com.hk\/fr\/wp-json\/wp\/v2\/product"}],"about":[{"href":"https:\/\/reborntrading.com.hk\/fr\/wp-json\/wp\/v2\/types\/product"}],"replies":[{"embeddable":true,"href":"https:\/\/reborntrading.com.hk\/fr\/wp-json\/wp\/v2\/comments?post=860"}],"wp:featuredmedia":[{"embeddable":true,"href":"https:\/\/reborntrading.com.hk\/fr\/wp-json\/wp\/v2\/media\/1210"}],"wp:attachment":[{"href":"https:\/\/reborntrading.com.hk\/fr\/wp-json\/wp\/v2\/media?parent=860"}],"wp:term":[{"taxonomy":"product_brand","embeddable":true,"href":"https:\/\/reborntrading.com.hk\/fr\/wp-json\/wp\/v2\/product_brand?post=860"},{"taxonomy":"product_cat","embeddable":true,"href":"https:\/\/reborntrading.com.hk\/fr\/wp-json\/wp\/v2\/product_cat?post=860"},{"taxonomy":"product_tag","embeddable":true,"href":"https:\/\/reborntrading.com.hk\/fr\/wp-json\/wp\/v2\/product_tag?post=860"}],"curies":[{"name":"wp","href":"https:\/\/api.w.org\/{rel}","templated":true}]}}