{"id":857,"date":"2017-04-13T15:06:53","date_gmt":"2017-04-13T15:06:53","guid":{"rendered":"https:\/\/xml-io.proteusthemes.com\/medicpress\/?post_type=product&#038;p=857"},"modified":"2026-03-10T05:38:50","modified_gmt":"2026-03-10T05:38:50","slug":"cocoa-body-cream","status":"publish","type":"product","link":"https:\/\/reborntrading.com.hk\/fr\/produit\/cocoa-body-cream\/","title":{"rendered":"Un emballage haut de gamme pour prot\u00e9ger"},"content":{"rendered":"<p>Chaque bracelet est exp\u00e9di\u00e9 dans un emballage individuel en silicone, sp\u00e9cialement con\u00e7u pour \u00e9viter tout dommage pendant le transport. Dot\u00e9 d&#039;\u0153illets renforc\u00e9s sur les c\u00f4t\u00e9s, cet emballage est doublement pratique\u00a0: vous pouvez l&#039;utiliser pour ranger et organiser vos bracelets de montre.<\/p>","protected":false},"excerpt":{"rendered":"<p>Ouvert 24h\/24 et 7j\/7, nous encourageons nos patients \u00e0 prendre rendez-vous au moment qui leur convient et \u00e0 \u00e9viter toute attente. Nous sommes fiers de la rapidit\u00e9 de notre service.<\/p>","protected":false},"featured_media":1128,"comment_status":"open","ping_status":"closed","template":"","meta":{"_acf_changed":false},"product_brand":[],"product_cat":[33],"product_tag":[35],"class_list":{"0":"post-857","1":"product","2":"type-product","3":"status-publish","4":"has-post-thumbnail","6":"product_cat-watch-straps","7":"product_tag-medicine","8":"clearfix","9":"article","11":"first","12":"instock","13":"shipping-taxable","14":"purchasable","15":"product-type-simple"},"acf":[],"_links":{"self":[{"href":"https:\/\/reborntrading.com.hk\/fr\/wp-json\/wp\/v2\/product\/857","targetHints":{"allow":["GET"]}}],"collection":[{"href":"https:\/\/reborntrading.com.hk\/fr\/wp-json\/wp\/v2\/product"}],"about":[{"href":"https:\/\/reborntrading.com.hk\/fr\/wp-json\/wp\/v2\/types\/product"}],"replies":[{"embeddable":true,"href":"https:\/\/reborntrading.com.hk\/fr\/wp-json\/wp\/v2\/comments?post=857"}],"wp:featuredmedia":[{"embeddable":true,"href":"https:\/\/reborntrading.com.hk\/fr\/wp-json\/wp\/v2\/media\/1128"}],"wp:attachment":[{"href":"https:\/\/reborntrading.com.hk\/fr\/wp-json\/wp\/v2\/media?parent=857"}],"wp:term":[{"taxonomy":"product_brand","embeddable":true,"href":"https:\/\/reborntrading.com.hk\/fr\/wp-json\/wp\/v2\/product_brand?post=857"},{"taxonomy":"product_cat","embeddable":true,"href":"https:\/\/reborntrading.com.hk\/fr\/wp-json\/wp\/v2\/product_cat?post=857"},{"taxonomy":"product_tag","embeddable":true,"href":"https:\/\/reborntrading.com.hk\/fr\/wp-json\/wp\/v2\/product_tag?post=857"}],"curies":[{"name":"wp","href":"https:\/\/api.w.org\/{rel}","templated":true}]}}