{"id":845,"date":"2017-04-13T14:54:20","date_gmt":"2017-04-13T14:54:20","guid":{"rendered":"https:\/\/xml-io.proteusthemes.com\/medicpress\/?post_type=product&#038;p=845"},"modified":"2025-10-02T03:14:29","modified_gmt":"2025-10-02T03:14:29","slug":"silicone-kitchen-utensils","status":"publish","type":"product","link":"https:\/\/reborntrading.com.hk\/fr\/produit\/silicone-kitchen-utensils\/","title":{"rendered":"Un ustensile de cuisine en silicone"},"content":{"rendered":"<p>Cet ensemble d&#039;ustensiles de cuisine en silicone comprend une manique r\u00e9sistante \u00e0 la chaleur et une spatule antiadh\u00e9sive. La manique est non seulement r\u00e9sistante \u00e0 la chaleur, mais son motif sp\u00e9cial offre une meilleure adh\u00e9rence, ce qui en fait un excellent manchon antid\u00e9rapant pour les poign\u00e9es de casseroles chaudes ou la solution id\u00e9ale pour ouvrir les bouchons de bouteilles. La spatule flexible en silicone pr\u00e9serve le rev\u00eatement antiadh\u00e9sif de vos ustensiles de cuisine lorsque vous grattez les aliments. Sa lame flexible est id\u00e9ale pour retirer la p\u00e2te \u00e0 g\u00e2teau, les meringues ou les exc\u00e9dents d&#039;ingr\u00e9dients du bol. Durable, r\u00e9sistant aux hautes temp\u00e9ratures et facile \u00e0 nettoyer, le silicone est id\u00e9al en cuisine.<\/p>","protected":false},"excerpt":{"rendered":"<p>Tous les aliments crus doivent \u00eatre soigneusement lav\u00e9s avant d&#039;\u00eatre consomm\u00e9s ou cuits. Si une personne a contract\u00e9 l&#039;infection, elle ne doit ni cuisiner ni servir de nourriture \u00e0 d&#039;autres personnes pendant au moins trois \u00e0 quatre jours apr\u00e8s la disparition des sympt\u00f4mes. Enfin, n&#039;oubliez pas de mettre la personne malade en quarantaine afin d&#039;\u00e9viter toute propagation ou r\u00e9cidive.<\/p>","protected":false},"featured_media":1120,"comment_status":"open","ping_status":"closed","template":"","meta":{"_acf_changed":false},"product_brand":[],"product_cat":[36,39],"product_tag":[38],"class_list":{"0":"post-845","1":"product","2":"type-product","3":"status-publish","4":"has-post-thumbnail","6":"product_cat-house-hold","7":"product_cat-silicone","8":"product_tag-perscription","9":"clearfix","10":"article","12":"first","13":"instock","14":"shipping-taxable","15":"purchasable","16":"product-type-simple"},"acf":[],"_links":{"self":[{"href":"https:\/\/reborntrading.com.hk\/fr\/wp-json\/wp\/v2\/product\/845","targetHints":{"allow":["GET"]}}],"collection":[{"href":"https:\/\/reborntrading.com.hk\/fr\/wp-json\/wp\/v2\/product"}],"about":[{"href":"https:\/\/reborntrading.com.hk\/fr\/wp-json\/wp\/v2\/types\/product"}],"replies":[{"embeddable":true,"href":"https:\/\/reborntrading.com.hk\/fr\/wp-json\/wp\/v2\/comments?post=845"}],"wp:featuredmedia":[{"embeddable":true,"href":"https:\/\/reborntrading.com.hk\/fr\/wp-json\/wp\/v2\/media\/1120"}],"wp:attachment":[{"href":"https:\/\/reborntrading.com.hk\/fr\/wp-json\/wp\/v2\/media?parent=845"}],"wp:term":[{"taxonomy":"product_brand","embeddable":true,"href":"https:\/\/reborntrading.com.hk\/fr\/wp-json\/wp\/v2\/product_brand?post=845"},{"taxonomy":"product_cat","embeddable":true,"href":"https:\/\/reborntrading.com.hk\/fr\/wp-json\/wp\/v2\/product_cat?post=845"},{"taxonomy":"product_tag","embeddable":true,"href":"https:\/\/reborntrading.com.hk\/fr\/wp-json\/wp\/v2\/product_tag?post=845"}],"curies":[{"name":"wp","href":"https:\/\/api.w.org\/{rel}","templated":true}]}}