{"id":1191,"date":"2025-12-02T23:49:26","date_gmt":"2025-12-02T23:49:26","guid":{"rendered":"https:\/\/reborntrading.com.hk\/?post_type=product&#038;p=1191"},"modified":"2025-12-02T23:50:28","modified_gmt":"2025-12-02T23:50:28","slug":"cycling-breathable-baseball-cap","status":"publish","type":"product","link":"https:\/\/reborntrading.com.hk\/fr\/produit\/cycling-breathable-baseball-cap\/","title":{"rendered":"casquette de baseball respirante pour cycliste"},"content":{"rendered":"<h3>Bord : 15 cm Hauteur du chapeau : 9 cm<\/h3>\n<h3>Tour de t\u00eate : 58 cm - 62 cm (Taille unique)<\/h3>\n<h3>Poids : 0,10 kg Mati\u00e8re principale : Nylon 88%, Spandex 12%<\/h3>\n<h3>Doublure : polyester 100%<\/h3>\n<h3>Remarque concernant les tailles\u00a0: Les mesures sont prises \u00e0 partir d\u2019\u00e9chantillons s\u00e9lectionn\u00e9s au hasard\u00a0; de l\u00e9g\u00e8res erreurs sont possibles.<\/h3>","protected":false},"excerpt":{"rendered":"<h3>Bord : 15 cm Hauteur du chapeau : 9 cm<\/h3>","protected":false},"featured_media":1188,"comment_status":"open","ping_status":"closed","template":"","meta":{"_acf_changed":false},"product_brand":[],"product_cat":[15],"product_tag":[38],"class_list":{"0":"post-1191","1":"product","2":"type-product","3":"status-publish","4":"has-post-thumbnail","6":"product_cat-hat","7":"product_tag-perscription","8":"clearfix","9":"article","11":"first","12":"instock","13":"shipping-taxable","14":"product-type-simple"},"acf":[],"_links":{"self":[{"href":"https:\/\/reborntrading.com.hk\/fr\/wp-json\/wp\/v2\/product\/1191","targetHints":{"allow":["GET"]}}],"collection":[{"href":"https:\/\/reborntrading.com.hk\/fr\/wp-json\/wp\/v2\/product"}],"about":[{"href":"https:\/\/reborntrading.com.hk\/fr\/wp-json\/wp\/v2\/types\/product"}],"replies":[{"embeddable":true,"href":"https:\/\/reborntrading.com.hk\/fr\/wp-json\/wp\/v2\/comments?post=1191"}],"wp:featuredmedia":[{"embeddable":true,"href":"https:\/\/reborntrading.com.hk\/fr\/wp-json\/wp\/v2\/media\/1188"}],"wp:attachment":[{"href":"https:\/\/reborntrading.com.hk\/fr\/wp-json\/wp\/v2\/media?parent=1191"}],"wp:term":[{"taxonomy":"product_brand","embeddable":true,"href":"https:\/\/reborntrading.com.hk\/fr\/wp-json\/wp\/v2\/product_brand?post=1191"},{"taxonomy":"product_cat","embeddable":true,"href":"https:\/\/reborntrading.com.hk\/fr\/wp-json\/wp\/v2\/product_cat?post=1191"},{"taxonomy":"product_tag","embeddable":true,"href":"https:\/\/reborntrading.com.hk\/fr\/wp-json\/wp\/v2\/product_tag?post=1191"}],"curies":[{"name":"wp","href":"https:\/\/api.w.org\/{rel}","templated":true}]}}