{"id":1183,"date":"2025-12-02T23:38:28","date_gmt":"2025-12-02T23:38:28","guid":{"rendered":"https:\/\/reborntrading.com.hk\/?post_type=product&#038;p=1183"},"modified":"2025-12-02T23:41:53","modified_gmt":"2025-12-02T23:41:53","slug":"camouflage-fashion-baseball-cap","status":"publish","type":"product","link":"https:\/\/reborntrading.com.hk\/fr\/produit\/camouflage-fashion-baseball-cap\/","title":{"rendered":"Casquette de baseball camouflage tendance"},"content":{"rendered":"<h3>Bord:<\/h3>\n<h3>Tour de t\u00eate : 56 cm - 60 cm (Taille unique)<\/h3>\n<h3>Poids : 0,12 kg<br \/>\nMati\u00e8re principale : polyester 100%<\/h3>\n<h3>Doublure : fibre de polyester 100%<\/h3>\n<h3>Remarque concernant les tailles\u00a0: Les mesures sont prises \u00e0 partir d\u2019\u00e9chantillons s\u00e9lectionn\u00e9s au hasard\u00a0; de l\u00e9g\u00e8res erreurs sont possibles.<\/h3>","protected":false},"excerpt":{"rendered":"<p>Bord : Tour de t\u00eate : 56 cm - 60 cm (Taille unique)<\/p>\n<p>&nbsp;<\/p>","protected":false},"featured_media":1184,"comment_status":"open","ping_status":"closed","template":"","meta":{"_acf_changed":false},"product_brand":[],"product_cat":[15],"product_tag":[38],"class_list":{"0":"post-1183","1":"product","2":"type-product","3":"status-publish","4":"has-post-thumbnail","6":"product_cat-hat","7":"product_tag-perscription","8":"clearfix","9":"article","11":"first","12":"instock","13":"shipping-taxable","14":"product-type-simple"},"acf":[],"_links":{"self":[{"href":"https:\/\/reborntrading.com.hk\/fr\/wp-json\/wp\/v2\/product\/1183","targetHints":{"allow":["GET"]}}],"collection":[{"href":"https:\/\/reborntrading.com.hk\/fr\/wp-json\/wp\/v2\/product"}],"about":[{"href":"https:\/\/reborntrading.com.hk\/fr\/wp-json\/wp\/v2\/types\/product"}],"replies":[{"embeddable":true,"href":"https:\/\/reborntrading.com.hk\/fr\/wp-json\/wp\/v2\/comments?post=1183"}],"wp:featuredmedia":[{"embeddable":true,"href":"https:\/\/reborntrading.com.hk\/fr\/wp-json\/wp\/v2\/media\/1184"}],"wp:attachment":[{"href":"https:\/\/reborntrading.com.hk\/fr\/wp-json\/wp\/v2\/media?parent=1183"}],"wp:term":[{"taxonomy":"product_brand","embeddable":true,"href":"https:\/\/reborntrading.com.hk\/fr\/wp-json\/wp\/v2\/product_brand?post=1183"},{"taxonomy":"product_cat","embeddable":true,"href":"https:\/\/reborntrading.com.hk\/fr\/wp-json\/wp\/v2\/product_cat?post=1183"},{"taxonomy":"product_tag","embeddable":true,"href":"https:\/\/reborntrading.com.hk\/fr\/wp-json\/wp\/v2\/product_tag?post=1183"}],"curies":[{"name":"wp","href":"https:\/\/api.w.org\/{rel}","templated":true}]}}