{"id":860,"date":"2017-04-13T15:11:43","date_gmt":"2017-04-13T15:11:43","guid":{"rendered":"https:\/\/xml-io.proteusthemes.com\/medicpress\/?post_type=product&#038;p=860"},"modified":"2026-04-27T11:19:55","modified_gmt":"2026-04-27T11:19:55","slug":"nail-health-kit","status":"publish","type":"product","link":"https:\/\/reborntrading.com.hk\/es\/producto\/nail-health-kit\/","title":{"rendered":"Piel de vacuno, rayas vaqueras, color marr\u00f3n."},"content":{"rendered":"<p>P13A-508-03 \u201cPiel de vaca, raya vaquera, color marr\u00f3n\u201d \u201cNegro, marr\u00f3n oscuro, marr\u00f3n, rouille, azul oscuro, se pueden a\u00f1adir colores especiales si se requiere.\u201d \u201cTodos los tama\u00f1os, desde 14 mm hasta 26 mm\u201d Hebilla de acero inoxidable con logotipo de submarino \u201cPara mujer: 105x70 mm Para hombre: 115x75, 120x80 o m\u00e1s.\u201d Precio por 1 unidad = US$15.00; Precio por 100 unidades o m\u00e1s = US$6.10<\/p>","protected":false},"excerpt":{"rendered":"<p>Hebilla de acero inoxidable sin logotipo. Igual que la anterior. Precio por 1 unidad = US$15.00; Precio por 100 unidades o m\u00e1s = US$4.10<\/p>","protected":false},"featured_media":1210,"comment_status":"open","ping_status":"closed","template":"","meta":{"_acf_changed":false},"product_brand":[],"product_cat":[40,33],"product_tag":[37],"class_list":{"0":"post-860","1":"product","2":"type-product","3":"status-publish","4":"has-post-thumbnail","6":"product_cat-set","7":"product_cat-watch-straps","8":"product_tag-no-prescription","9":"clearfix","10":"article","12":"first","13":"instock","14":"shipping-taxable","15":"purchasable","16":"product-type-simple"},"acf":[],"_links":{"self":[{"href":"https:\/\/reborntrading.com.hk\/es\/wp-json\/wp\/v2\/product\/860","targetHints":{"allow":["GET"]}}],"collection":[{"href":"https:\/\/reborntrading.com.hk\/es\/wp-json\/wp\/v2\/product"}],"about":[{"href":"https:\/\/reborntrading.com.hk\/es\/wp-json\/wp\/v2\/types\/product"}],"replies":[{"embeddable":true,"href":"https:\/\/reborntrading.com.hk\/es\/wp-json\/wp\/v2\/comments?post=860"}],"wp:featuredmedia":[{"embeddable":true,"href":"https:\/\/reborntrading.com.hk\/es\/wp-json\/wp\/v2\/media\/1210"}],"wp:attachment":[{"href":"https:\/\/reborntrading.com.hk\/es\/wp-json\/wp\/v2\/media?parent=860"}],"wp:term":[{"taxonomy":"product_brand","embeddable":true,"href":"https:\/\/reborntrading.com.hk\/es\/wp-json\/wp\/v2\/product_brand?post=860"},{"taxonomy":"product_cat","embeddable":true,"href":"https:\/\/reborntrading.com.hk\/es\/wp-json\/wp\/v2\/product_cat?post=860"},{"taxonomy":"product_tag","embeddable":true,"href":"https:\/\/reborntrading.com.hk\/es\/wp-json\/wp\/v2\/product_tag?post=860"}],"curies":[{"name":"wp","href":"https:\/\/api.w.org\/{rel}","templated":true}]}}