{"id":845,"date":"2017-04-13T14:54:20","date_gmt":"2017-04-13T14:54:20","guid":{"rendered":"https:\/\/xml-io.proteusthemes.com\/medicpress\/?post_type=product&#038;p=845"},"modified":"2025-10-02T03:14:29","modified_gmt":"2025-10-02T03:14:29","slug":"silicone-kitchen-utensils","status":"publish","type":"product","link":"https:\/\/reborntrading.com.hk\/es\/producto\/silicone-kitchen-utensils\/","title":{"rendered":"Utensilios de cocina de silicona"},"content":{"rendered":"<p>El juego de utensilios de cocina de silicona incluye un agarrador resistente al calor y una esp\u00e1tula antiadherente. El agarrador no solo es resistente al calor, sino que tambi\u00e9n tiene un patr\u00f3n especial para un mejor agarre, lo que lo convierte en una fant\u00e1stica funda antideslizante para asas de sartenes calientes o la soluci\u00f3n ideal para abrir tapas de botellas. La esp\u00e1tula flexible de silicona mantiene intactos los valiosos recubrimientos antiadherentes de los utensilios de cocina al raspar los alimentos de las superficies. La hoja flexible es ideal para retirar masa de pastel, merengues o ingredientes sobrantes del taz\u00f3n. La silicona es duradera, resistente al calor y f\u00e1cil de limpiar, lo que la hace perfecta para la cocina.<\/p>","protected":false},"excerpt":{"rendered":"<p>Todos los alimentos crudos deben lavarse bien antes de consumirlos o cocinarlos. Si alguien contrajo la infecci\u00f3n, no debe cocinar ni servir alimentos a otras personas durante al menos tres o cuatro d\u00edas despu\u00e9s de que los s\u00edntomas hayan desaparecido. Finalmente, recuerde poner en cuarentena a la persona enferma para evitar la propagaci\u00f3n o la reaparici\u00f3n de la enfermedad.<\/p>","protected":false},"featured_media":1120,"comment_status":"open","ping_status":"closed","template":"","meta":{"_acf_changed":false},"product_brand":[],"product_cat":[36,39],"product_tag":[38],"class_list":{"0":"post-845","1":"product","2":"type-product","3":"status-publish","4":"has-post-thumbnail","6":"product_cat-house-hold","7":"product_cat-silicone","8":"product_tag-perscription","9":"clearfix","10":"article","12":"first","13":"instock","14":"shipping-taxable","15":"purchasable","16":"product-type-simple"},"acf":[],"_links":{"self":[{"href":"https:\/\/reborntrading.com.hk\/es\/wp-json\/wp\/v2\/product\/845","targetHints":{"allow":["GET"]}}],"collection":[{"href":"https:\/\/reborntrading.com.hk\/es\/wp-json\/wp\/v2\/product"}],"about":[{"href":"https:\/\/reborntrading.com.hk\/es\/wp-json\/wp\/v2\/types\/product"}],"replies":[{"embeddable":true,"href":"https:\/\/reborntrading.com.hk\/es\/wp-json\/wp\/v2\/comments?post=845"}],"wp:featuredmedia":[{"embeddable":true,"href":"https:\/\/reborntrading.com.hk\/es\/wp-json\/wp\/v2\/media\/1120"}],"wp:attachment":[{"href":"https:\/\/reborntrading.com.hk\/es\/wp-json\/wp\/v2\/media?parent=845"}],"wp:term":[{"taxonomy":"product_brand","embeddable":true,"href":"https:\/\/reborntrading.com.hk\/es\/wp-json\/wp\/v2\/product_brand?post=845"},{"taxonomy":"product_cat","embeddable":true,"href":"https:\/\/reborntrading.com.hk\/es\/wp-json\/wp\/v2\/product_cat?post=845"},{"taxonomy":"product_tag","embeddable":true,"href":"https:\/\/reborntrading.com.hk\/es\/wp-json\/wp\/v2\/product_tag?post=845"}],"curies":[{"name":"wp","href":"https:\/\/api.w.org\/{rel}","templated":true}]}}