{"id":1183,"date":"2025-12-02T23:38:28","date_gmt":"2025-12-02T23:38:28","guid":{"rendered":"https:\/\/reborntrading.com.hk\/?post_type=product&#038;p=1183"},"modified":"2025-12-02T23:41:53","modified_gmt":"2025-12-02T23:41:53","slug":"camouflage-fashion-baseball-cap","status":"publish","type":"product","link":"https:\/\/reborntrading.com.hk\/es\/producto\/camouflage-fashion-baseball-cap\/","title":{"rendered":"Gorra de b\u00e9isbol de moda con camuflaje"},"content":{"rendered":"<h3>Borde:<\/h3>\n<h3>Circunferencia de la cabeza: 56 cm-60 cm (talla \u00fanica)<\/h3>\n<h3>Peso: 0,12 kg<br \/>\nMaterial principal: poli\u00e9ster 100%<\/h3>\n<h3>Forro: fibra de poli\u00e9ster 100%<\/h3>\n<h3>Nota sobre el tama\u00f1o: Las medidas se toman de muestras seleccionadas al azar; peque\u00f1os errores est\u00e1n dentro del rango normal.<\/h3>","protected":false},"excerpt":{"rendered":"<p>Ala: Circunferencia de la cabeza: 56 cm-60 cm (Talla \u00fanica)<\/p>\n<p>&nbsp;<\/p>","protected":false},"featured_media":1184,"comment_status":"open","ping_status":"closed","template":"","meta":{"_acf_changed":false},"product_brand":[],"product_cat":[15],"product_tag":[38],"class_list":{"0":"post-1183","1":"product","2":"type-product","3":"status-publish","4":"has-post-thumbnail","6":"product_cat-hat","7":"product_tag-perscription","8":"clearfix","9":"article","11":"first","12":"instock","13":"shipping-taxable","14":"product-type-simple"},"acf":[],"_links":{"self":[{"href":"https:\/\/reborntrading.com.hk\/es\/wp-json\/wp\/v2\/product\/1183","targetHints":{"allow":["GET"]}}],"collection":[{"href":"https:\/\/reborntrading.com.hk\/es\/wp-json\/wp\/v2\/product"}],"about":[{"href":"https:\/\/reborntrading.com.hk\/es\/wp-json\/wp\/v2\/types\/product"}],"replies":[{"embeddable":true,"href":"https:\/\/reborntrading.com.hk\/es\/wp-json\/wp\/v2\/comments?post=1183"}],"wp:featuredmedia":[{"embeddable":true,"href":"https:\/\/reborntrading.com.hk\/es\/wp-json\/wp\/v2\/media\/1184"}],"wp:attachment":[{"href":"https:\/\/reborntrading.com.hk\/es\/wp-json\/wp\/v2\/media?parent=1183"}],"wp:term":[{"taxonomy":"product_brand","embeddable":true,"href":"https:\/\/reborntrading.com.hk\/es\/wp-json\/wp\/v2\/product_brand?post=1183"},{"taxonomy":"product_cat","embeddable":true,"href":"https:\/\/reborntrading.com.hk\/es\/wp-json\/wp\/v2\/product_cat?post=1183"},{"taxonomy":"product_tag","embeddable":true,"href":"https:\/\/reborntrading.com.hk\/es\/wp-json\/wp\/v2\/product_tag?post=1183"}],"curies":[{"name":"wp","href":"https:\/\/api.w.org\/{rel}","templated":true}]}}