{"id":857,"date":"2017-04-13T15:06:53","date_gmt":"2017-04-13T15:06:53","guid":{"rendered":"https:\/\/xml-io.proteusthemes.com\/medicpress\/?post_type=product&#038;p=857"},"modified":"2026-03-10T05:38:50","modified_gmt":"2026-03-10T05:38:50","slug":"cocoa-body-cream","status":"publish","type":"product","link":"https:\/\/reborntrading.com.hk\/de\/produkt\/cocoa-body-cream\/","title":{"rendered":"Eine Premium-Verpackung zum Schutz"},"content":{"rendered":"<p>Jedes Armband wird in einer individuellen Silikonverpackung geliefert, die speziell entwickelt wurde, um sicherzustellen, dass das Armband w\u00e4hrend des Transports nicht besch\u00e4digt wird. Mit verst\u00e4rkten \u00d6sen an den Seiten erf\u00fcllt diese Verpackung einen doppelten Zweck: Sie k\u00f6nnen diese Verpackung zur Aufbewahrung und Organisation Ihrer Uhrenarmb\u00e4nder verwenden.<\/p>","protected":false},"excerpt":{"rendered":"<p>Wir sind rund um die Uhr f\u00fcr Sie da. Wir empfehlen Ihnen, Termine zu Ihrer Wunschzeit zu vereinbaren und so die Wartezeit so gering wie m\u00f6glich zu halten. Wir sind stolz auf unseren schnellen Service.<\/p>","protected":false},"featured_media":1128,"comment_status":"open","ping_status":"closed","template":"","meta":{"_acf_changed":false},"product_brand":[],"product_cat":[33],"product_tag":[35],"class_list":{"0":"post-857","1":"product","2":"type-product","3":"status-publish","4":"has-post-thumbnail","6":"product_cat-watch-straps","7":"product_tag-medicine","8":"clearfix","9":"article","11":"first","12":"instock","13":"shipping-taxable","14":"purchasable","15":"product-type-simple"},"acf":[],"_links":{"self":[{"href":"https:\/\/reborntrading.com.hk\/de\/wp-json\/wp\/v2\/product\/857","targetHints":{"allow":["GET"]}}],"collection":[{"href":"https:\/\/reborntrading.com.hk\/de\/wp-json\/wp\/v2\/product"}],"about":[{"href":"https:\/\/reborntrading.com.hk\/de\/wp-json\/wp\/v2\/types\/product"}],"replies":[{"embeddable":true,"href":"https:\/\/reborntrading.com.hk\/de\/wp-json\/wp\/v2\/comments?post=857"}],"wp:featuredmedia":[{"embeddable":true,"href":"https:\/\/reborntrading.com.hk\/de\/wp-json\/wp\/v2\/media\/1128"}],"wp:attachment":[{"href":"https:\/\/reborntrading.com.hk\/de\/wp-json\/wp\/v2\/media?parent=857"}],"wp:term":[{"taxonomy":"product_brand","embeddable":true,"href":"https:\/\/reborntrading.com.hk\/de\/wp-json\/wp\/v2\/product_brand?post=857"},{"taxonomy":"product_cat","embeddable":true,"href":"https:\/\/reborntrading.com.hk\/de\/wp-json\/wp\/v2\/product_cat?post=857"},{"taxonomy":"product_tag","embeddable":true,"href":"https:\/\/reborntrading.com.hk\/de\/wp-json\/wp\/v2\/product_tag?post=857"}],"curies":[{"name":"wp","href":"https:\/\/api.w.org\/{rel}","templated":true}]}}