{"id":845,"date":"2017-04-13T14:54:20","date_gmt":"2017-04-13T14:54:20","guid":{"rendered":"https:\/\/xml-io.proteusthemes.com\/medicpress\/?post_type=product&#038;p=845"},"modified":"2025-10-02T03:14:29","modified_gmt":"2025-10-02T03:14:29","slug":"silicone-kitchen-utensils","status":"publish","type":"product","link":"https:\/\/reborntrading.com.hk\/de\/produkt\/silicone-kitchen-utensils\/","title":{"rendered":"Ein K\u00fcchenutensil aus Silikon"},"content":{"rendered":"<p>Das K\u00fcchenhelfer-Set aus Silikon enth\u00e4lt einen hitzebest\u00e4ndigen Topflappen und einen antihaftbeschichteten Spatel. Der Topflappen ist nicht nur hitzebest\u00e4ndig, sondern verf\u00fcgt auch \u00fcber ein spezielles Muster f\u00fcr zus\u00e4tzlichen Halt. Dadurch eignet er sich hervorragend als rutschfeste W\u00e4rmeh\u00fclle f\u00fcr hei\u00dfe Pfannengriffe oder als praktische L\u00f6sung zum \u00d6ffnen von Flaschendeckeln. Der flexible Silikonspatel schont die Antihaftbeschichtung Ihres Kochgeschirrs beim Abkratzen von Essensresten. Die flexible Klinge eignet sich ideal zum Entfernen von Kuchenteig, Baisers oder \u00fcbersch\u00fcssigen Zutaten aus der R\u00fchrsch\u00fcssel. Silikon ist langlebig, hitzebest\u00e4ndig und leicht zu reinigen \u2013 perfekt f\u00fcr die K\u00fcche.<\/p>","protected":false},"excerpt":{"rendered":"<p>Rohe Lebensmittel m\u00fcssen vor dem Verzehr oder Kochen gr\u00fcndlich gewaschen werden. Hat sich jemand infiziert, sollte er nach Abklingen der Symptome mindestens drei bis vier Tage lang nicht kochen oder anderen Speisen servieren. Denken Sie au\u00dferdem daran, die erkrankte Person unter Quarant\u00e4ne zu stellen, um eine Ausbreitung oder ein erneutes Auftreten zu verhindern.<\/p>","protected":false},"featured_media":1120,"comment_status":"open","ping_status":"closed","template":"","meta":{"_acf_changed":false},"product_brand":[],"product_cat":[36,39],"product_tag":[38],"class_list":{"0":"post-845","1":"product","2":"type-product","3":"status-publish","4":"has-post-thumbnail","6":"product_cat-house-hold","7":"product_cat-silicone","8":"product_tag-perscription","9":"clearfix","10":"article","12":"first","13":"instock","14":"shipping-taxable","15":"purchasable","16":"product-type-simple"},"acf":[],"_links":{"self":[{"href":"https:\/\/reborntrading.com.hk\/de\/wp-json\/wp\/v2\/product\/845","targetHints":{"allow":["GET"]}}],"collection":[{"href":"https:\/\/reborntrading.com.hk\/de\/wp-json\/wp\/v2\/product"}],"about":[{"href":"https:\/\/reborntrading.com.hk\/de\/wp-json\/wp\/v2\/types\/product"}],"replies":[{"embeddable":true,"href":"https:\/\/reborntrading.com.hk\/de\/wp-json\/wp\/v2\/comments?post=845"}],"wp:featuredmedia":[{"embeddable":true,"href":"https:\/\/reborntrading.com.hk\/de\/wp-json\/wp\/v2\/media\/1120"}],"wp:attachment":[{"href":"https:\/\/reborntrading.com.hk\/de\/wp-json\/wp\/v2\/media?parent=845"}],"wp:term":[{"taxonomy":"product_brand","embeddable":true,"href":"https:\/\/reborntrading.com.hk\/de\/wp-json\/wp\/v2\/product_brand?post=845"},{"taxonomy":"product_cat","embeddable":true,"href":"https:\/\/reborntrading.com.hk\/de\/wp-json\/wp\/v2\/product_cat?post=845"},{"taxonomy":"product_tag","embeddable":true,"href":"https:\/\/reborntrading.com.hk\/de\/wp-json\/wp\/v2\/product_tag?post=845"}],"curies":[{"name":"wp","href":"https:\/\/api.w.org\/{rel}","templated":true}]}}