{"id":1193,"date":"2025-12-02T23:52:28","date_gmt":"2025-12-02T23:52:28","guid":{"rendered":"https:\/\/reborntrading.com.hk\/?post_type=product&#038;p=1193"},"modified":"2026-03-10T10:04:49","modified_gmt":"2026-03-10T10:04:49","slug":"running-sun-hat","status":"publish","type":"product","link":"https:\/\/reborntrading.com.hk\/de\/produkt\/running-sun-hat\/","title":{"rendered":"Lauf-Sonnenhut Krempe: 9,5 cm H\u00f6he: 11 cm"},"content":{"rendered":"<h3>Krempe: 9,5 cm H\u00f6he: 11 cm<\/h3>\n<h3>Kopfumfang: 56 cm-58 cm (Einheitsgr\u00f6\u00dfe)<\/h3>\n<h3>Gewicht: 0,08 kg<br \/>\nHauptmaterial:<\/h3>\n<h3>Futter: 100% Polyester<\/h3>\n<h3>Gr\u00f6\u00dfenhinweis: Die Messungen wurden an zuf\u00e4llig ausgew\u00e4hlten Stichproben vorgenommen; geringf\u00fcgige Abweichungen liegen im normalen Bereich.<\/h3>","protected":false},"excerpt":{"rendered":"<h3>Krempe: 9,5 cm H\u00f6he: 11 cm<\/h3>","protected":false},"featured_media":1189,"comment_status":"open","ping_status":"closed","template":"","meta":{"_acf_changed":false},"product_brand":[],"product_cat":[15],"product_tag":[],"class_list":{"0":"post-1193","1":"product","2":"type-product","3":"status-publish","4":"has-post-thumbnail","6":"product_cat-hat","7":"clearfix","8":"article","10":"first","11":"instock","12":"shipping-taxable","13":"product-type-simple"},"acf":[],"_links":{"self":[{"href":"https:\/\/reborntrading.com.hk\/de\/wp-json\/wp\/v2\/product\/1193","targetHints":{"allow":["GET"]}}],"collection":[{"href":"https:\/\/reborntrading.com.hk\/de\/wp-json\/wp\/v2\/product"}],"about":[{"href":"https:\/\/reborntrading.com.hk\/de\/wp-json\/wp\/v2\/types\/product"}],"replies":[{"embeddable":true,"href":"https:\/\/reborntrading.com.hk\/de\/wp-json\/wp\/v2\/comments?post=1193"}],"wp:featuredmedia":[{"embeddable":true,"href":"https:\/\/reborntrading.com.hk\/de\/wp-json\/wp\/v2\/media\/1189"}],"wp:attachment":[{"href":"https:\/\/reborntrading.com.hk\/de\/wp-json\/wp\/v2\/media?parent=1193"}],"wp:term":[{"taxonomy":"product_brand","embeddable":true,"href":"https:\/\/reborntrading.com.hk\/de\/wp-json\/wp\/v2\/product_brand?post=1193"},{"taxonomy":"product_cat","embeddable":true,"href":"https:\/\/reborntrading.com.hk\/de\/wp-json\/wp\/v2\/product_cat?post=1193"},{"taxonomy":"product_tag","embeddable":true,"href":"https:\/\/reborntrading.com.hk\/de\/wp-json\/wp\/v2\/product_tag?post=1193"}],"curies":[{"name":"wp","href":"https:\/\/api.w.org\/{rel}","templated":true}]}}