{"id":1183,"date":"2025-12-02T23:38:28","date_gmt":"2025-12-02T23:38:28","guid":{"rendered":"https:\/\/reborntrading.com.hk\/?post_type=product&#038;p=1183"},"modified":"2025-12-02T23:41:53","modified_gmt":"2025-12-02T23:41:53","slug":"camouflage-fashion-baseball-cap","status":"publish","type":"product","link":"https:\/\/reborntrading.com.hk\/de\/produkt\/camouflage-fashion-baseball-cap\/","title":{"rendered":"Baseballkappe im Camouflage-Look"},"content":{"rendered":"<h3>Rand:<\/h3>\n<h3>Kopfumfang: 56 cm-60 cm (Einheitsgr\u00f6\u00dfe)<\/h3>\n<h3>Gewicht: 0,12 kg<br \/>\nHauptmaterial: 100% Polyester<\/h3>\n<h3>Futter: 100% Polyesterfaser<\/h3>\n<h3>Gr\u00f6\u00dfenhinweis: Die Messungen wurden an zuf\u00e4llig ausgew\u00e4hlten Stichproben vorgenommen; geringf\u00fcgige Abweichungen liegen im normalen Bereich.<\/h3>","protected":false},"excerpt":{"rendered":"<p>Krempe: Kopfumfang: 56 cm-60 cm (Einheitsgr\u00f6\u00dfe)<\/p>\n<p>&nbsp;<\/p>","protected":false},"featured_media":1184,"comment_status":"open","ping_status":"closed","template":"","meta":{"_acf_changed":false},"product_brand":[],"product_cat":[15],"product_tag":[38],"class_list":{"0":"post-1183","1":"product","2":"type-product","3":"status-publish","4":"has-post-thumbnail","6":"product_cat-hat","7":"product_tag-perscription","8":"clearfix","9":"article","11":"first","12":"instock","13":"shipping-taxable","14":"product-type-simple"},"acf":[],"_links":{"self":[{"href":"https:\/\/reborntrading.com.hk\/de\/wp-json\/wp\/v2\/product\/1183","targetHints":{"allow":["GET"]}}],"collection":[{"href":"https:\/\/reborntrading.com.hk\/de\/wp-json\/wp\/v2\/product"}],"about":[{"href":"https:\/\/reborntrading.com.hk\/de\/wp-json\/wp\/v2\/types\/product"}],"replies":[{"embeddable":true,"href":"https:\/\/reborntrading.com.hk\/de\/wp-json\/wp\/v2\/comments?post=1183"}],"wp:featuredmedia":[{"embeddable":true,"href":"https:\/\/reborntrading.com.hk\/de\/wp-json\/wp\/v2\/media\/1184"}],"wp:attachment":[{"href":"https:\/\/reborntrading.com.hk\/de\/wp-json\/wp\/v2\/media?parent=1183"}],"wp:term":[{"taxonomy":"product_brand","embeddable":true,"href":"https:\/\/reborntrading.com.hk\/de\/wp-json\/wp\/v2\/product_brand?post=1183"},{"taxonomy":"product_cat","embeddable":true,"href":"https:\/\/reborntrading.com.hk\/de\/wp-json\/wp\/v2\/product_cat?post=1183"},{"taxonomy":"product_tag","embeddable":true,"href":"https:\/\/reborntrading.com.hk\/de\/wp-json\/wp\/v2\/product_tag?post=1183"}],"curies":[{"name":"wp","href":"https:\/\/api.w.org\/{rel}","templated":true}]}}